{"id":34,"date":"2024-06-11T14:17:09","date_gmt":"2024-06-11T12:17:09","guid":{"rendered":"https:\/\/animal-law.local\/?page_id=34"},"modified":"2026-04-07T09:52:40","modified_gmt":"2026-04-07T07:52:40","slug":"contact","status":"publish","type":"page","link":"https:\/\/animallaweurope.org\/fr\/contact\/","title":{"rendered":"Contact"},"content":{"rendered":"<section class=\"bde-section-34-100 bde-section\" data-entrance=\"slideUp\">\n  \n  \n\t\n\n\n\n<div class=\"section-container\"><h2 class=\"bde-heading-34-101 bde-heading\">\nGet in Touch\n<\/h2><div class=\"bde-rich-text-34-102 bde-rich-text breakdance-rich-text-styles\">\n<p>Feel free to fill out the form below or send an email to\u00a0<a href=\"mailto:contact@animallaweurope.org\">contact@animallaweurope.org<\/a>.<\/p><p>The European Institute for Animal Law &amp; Policy\u00a0is not currently accepting applications. Thank you for your interest.<\/p>\n<\/div><div class=\"bde-div-34-103 bde-div w--100\">\n  \n  \n\t\n\n\n\n<div class=\"bde-social-icons-34-104 bde-social-icons\">\n                  \n            \n            \n\n    \n    \n    \n    \n    \n    <a class=\"breakdance-link bde-social-icons__icon-wrapper bde-social-icons__icon-twitter\" href=\"https:\/\/twitter.com\/AnimalLawEurope\" target=\"_self\" data-type=\"url\" aria-label=\"twitter\" rel=\"noopener\">\n\n              <svg xmlns=\"http:\/\/www.w3.org\/2000\/svg\" width=\"100%\" viewBox=\"0 0 512 512\">\n          <path d=\"M389.2 48h70.6L305.6 224.2 487 464H345L233.7 318.6 106.5 464H35.8L200.7 275.5 26.8 48H172.4L272.9 180.9 389.2 48zM364.4 421.8h39.1L151.1 88h-42L364.4 421.8z\" \/>\n        <\/svg>\n              <\/a>\n\n    \n<\/div><div class=\"bde-social-icons-34-105 bde-social-icons\">\n                  \n            \n            \n\n    \n    \n    \n    \n    \n    <a class=\"breakdance-link bde-social-icons__icon-wrapper bde-social-icons__icon-linkedin\" href=\"https:\/\/www.linkedin.com\/in\/alice-di-concetto-352280a3\/\" target=\"_self\" data-type=\"url\" aria-label=\"linkedin\" rel=\"noopener\">\n\n             <svg xmlns=\"http:\/\/www.w3.org\/2000\/svg\" width=\"100%\" viewBox=\"-4 -2 32 32\">\n            <path d=\"M4.98 3.5c0 1.381-1.11 2.5-2.48 2.5s-2.48-1.119-2.48-2.5c0-1.38 1.11-2.5 2.48-2.5s2.48 1.12 2.48 2.5zm.02 4.5h-5v16h5v-16zm7.982 0h-4.968v16h4.969v-8.399c0-4.67 6.029-5.052 6.029 0v8.399h4.988v-10.131c0-7.88-8.922-7.593-11.018-3.714v-2.155z\"\/>\n       <\/svg>\n              <\/a>\n\n    \n<\/div><div class=\"bde-div-34-106 bde-div w--100\">\n  \n  \n\t\n\n\n\n<div class=\"bde-button-34-107 bde-button\">\n    \n                        \n                        \n    \n    \n    \n    \n            \n                    \n            \n            \n\n    \n    \n    \n    \n    \n    <a class=\"breakdance-link button-atom button-atom--secondary bde-button__button\" href=\"https:\/\/animallaweurope.substack.com\/\" target=\"_blank\" data-type=\"url\" rel=\"noopener\">\n\n    \n        <span class=\"button-atom__text\">sign up to the newsletter<\/span>\n\n        \n        \n                <\/a>\n\n    \n\n\n<\/div>\n<\/div>\n<\/div><\/div>\n<\/section><section class=\"bde-section-34-109 bde-section\" data-entrance=\"slideUp\">\n  \n  \n\t\n\n\n\n<div class=\"section-container\"><div class=\"bde-div-34-118 bde-div w--100\">\n  \n  \n\t\n\n\n\n<div class=\"bde-code-block-34-117 bde-code-block\">\n\n  <iframe data-tally-src=\"https:\/\/tally.so\/embed\/mVlDGN?alignLeft=1&hideTitle=1&transparentBackground=1&dynamicHeight=1\" loading=\"lazy\" width=\"100%\" height=\"557\" frameborder=\"0\" marginheight=\"0\" marginwidth=\"0\" title=\"Contact us\"><\/iframe><script>var d=document,w=\"https:\/\/tally.so\/widgets\/embed.js\",v=function(){\"undefined\"!=typeof Tally?Tally.loadEmbeds():d.querySelectorAll(\"iframe[data-tally-src]:not([src])\").forEach((function(e){e.src=e.dataset.tallySrc}))};if(\"undefined\"!=typeof Tally)v();else if(d.querySelector('script[src=\"'+w+'\"]')==null){var s=d.createElement(\"script\");s.src=w,s.onload=v,s.onerror=v,d.body.appendChild(s);}<\/script>\n\n\n<\/div>\n<\/div><\/div>\n<\/section>","protected":false},"excerpt":{"rendered":"<p>Prenez contact N'h\u00e9sitez pas \u00e0 remplir le formulaire ci-dessous ou \u00e0 envoyer un courriel \u00e0 contact@animallaweurope.org.The L'Institut europ\u00e9en pour le droit et la politique des animaux n'accepte pas de candidatures pour le moment. Merci de votre int\u00e9r\u00eat. Inscrivez-vous au newsletter<\/p>","protected":false},"author":1,"featured_media":0,"parent":0,"menu_order":0,"comment_status":"closed","ping_status":"closed","template":"","meta":{"_acf_changed":false,"_breakdance_hide_in_design_set":false,"_breakdance_tags":"","footnotes":""},"class_list":["post-34","page","type-page","status-publish","hentry"],"acf":[],"_links":{"self":[{"href":"https:\/\/animallaweurope.org\/fr\/wp-json\/wp\/v2\/pages\/34","targetHints":{"allow":["GET"]}}],"collection":[{"href":"https:\/\/animallaweurope.org\/fr\/wp-json\/wp\/v2\/pages"}],"about":[{"href":"https:\/\/animallaweurope.org\/fr\/wp-json\/wp\/v2\/types\/page"}],"author":[{"embeddable":true,"href":"https:\/\/animallaweurope.org\/fr\/wp-json\/wp\/v2\/users\/1"}],"replies":[{"embeddable":true,"href":"https:\/\/animallaweurope.org\/fr\/wp-json\/wp\/v2\/comments?post=34"}],"version-history":[{"count":11,"href":"https:\/\/animallaweurope.org\/fr\/wp-json\/wp\/v2\/pages\/34\/revisions"}],"predecessor-version":[{"id":3442,"href":"https:\/\/animallaweurope.org\/fr\/wp-json\/wp\/v2\/pages\/34\/revisions\/3442"}],"wp:attachment":[{"href":"https:\/\/animallaweurope.org\/fr\/wp-json\/wp\/v2\/media?parent=34"}],"curies":[{"name":"wp","href":"https:\/\/api.w.org\/{rel}","templated":true}]}}